{"id":1405,"date":"2026-05-08T13:37:25","date_gmt":"2026-05-08T11:37:25","guid":{"rendered":"https:\/\/fantifacharlottenburg.noblogs.org\/?page_id=1405"},"modified":"2026-05-08T13:37:43","modified_gmt":"2026-05-08T11:37:43","slug":"kontakt","status":"publish","type":"page","link":"https:\/\/fantifacharlottenburg.noblogs.org\/fr\/kontakt\/","title":{"rendered":"Contacte"},"content":{"rendered":"\n<p>Nous n&rsquo;avons rien \u00e1 perdre, mais une monde a gangner! Tu veut bouger quelque chose, alors viens chez nous!<\/p>\n\n\n\n<div class=\"wp-block-columns alignwide is-layout-flex wp-container-core-columns-is-layout-28f84493 wp-block-columns-is-layout-flex\">\n<div class=\"wp-block-column is-layout-flow wp-block-column-is-layout-flow\" style=\"flex-basis:24%\"><ul class=\"wp-block-latest-posts__list wp-block-latest-posts has-small-font-size\"><li><div class=\"wp-block-latest-posts__featured-image aligncenter\"><a href=\"https:\/\/fantifacharlottenburg.noblogs.org\/fr\/ensemble-contre-leur-repression-informations-apres-la-manif-feministe-du-1er-mai-2026\/\" aria-label=\"Ensemble contre leur r\u00e9pression! Informations apr\u00e8s la manif feministe du 1er Mai 2026\"><img loading=\"lazy\" decoding=\"async\" width=\"819\" height=\"1024\" src=\"https:\/\/fantifacharlottenburg.noblogs.org\/files\/2026\/05\/signal-2026-05-06-144930_002-819x1024.jpg\" class=\"attachment-large size-large wp-post-image\" alt=\"\" style=\"\" srcset=\"https:\/\/fantifacharlottenburg.noblogs.org\/files\/2026\/05\/signal-2026-05-06-144930_002-819x1024.jpg 819w, https:\/\/fantifacharlottenburg.noblogs.org\/files\/2026\/05\/signal-2026-05-06-144930_002-240x300.jpg 240w, https:\/\/fantifacharlottenburg.noblogs.org\/files\/2026\/05\/signal-2026-05-06-144930_002-768x960.jpg 768w, https:\/\/fantifacharlottenburg.noblogs.org\/files\/2026\/05\/signal-2026-05-06-144930_002.jpg 1080w\" sizes=\"auto, (max-width: 819px) 100vw, 819px\" \/><\/a><\/div><a class=\"wp-block-latest-posts__post-title\" href=\"https:\/\/fantifacharlottenburg.noblogs.org\/fr\/ensemble-contre-leur-repression-informations-apres-la-manif-feministe-du-1er-mai-2026\/\">Ensemble contre leur r\u00e9pression! Informations apr\u00e8s la manif feministe du 1er Mai 2026<\/a><\/li>\n<\/ul><\/div>\n\n\n\n<div class=\"wp-block-column is-layout-flow wp-block-column-is-layout-flow\" style=\"flex-basis:52%\">\n<p>Tu peut nous contacter sur <a href=\"https:\/\/www.instagram.com\/f_ajoc_berlin\/\" data-type=\"link\" data-id=\"https:\/\/www.instagram.com\/f_ajoc_berlin\/\">Instagram<\/a>, par e-mail ou le formulaire ci-dessous. N&rsquo;oublie pas qu&rsquo;Instagram n&rsquo;est pas une application s\u00e9curis\u00e9e.<\/p>\n\n\n\n<h3 class=\"wp-block-heading\">Notre adresse E-Mail:<\/h3>\n\n\n\n<blockquote class=\"wp-block-quote is-layout-flow wp-block-quote-is-layout-flow\">\n<p><a href=\"mailto:f_ajocberlin@riseup.net\" data-type=\"mailto\" data-id=\"mailto:f_ajocberlin@riseup.net\">f_ajocberlin@riseup.net<\/a><\/p>\n<\/blockquote>\n\n\n\n<h3 class=\"wp-block-heading\">Notre cl\u00e9 de cryptage PGP:<\/h3>\n\n\n\n<blockquote class=\"wp-block-quote is-layout-flow wp-block-quote-is-layout-flow\">\n<pre class=\"wp-block-code\"><code>-----BEGIN PGP PUBLIC KEY BLOCK-----\n\nxjMEaG0y2BYJKwYBBAHaRw8BAQdAIe\/S5OOwJzyolaSyV5ML06qo7WZhk9Q09PV1\nWk6oQirNIEZsaXBwYSA8Rl9ham9jYmVybGluQHJpc2V1cC5uZXQ+wo8EExYIADcW\nIQTcQER5699XcbBvsGEV7BRl11PNsgUCaG0y2AUJBaOagAIbAwQLCQgHBRUICQoL\nBRYCAwEAAAoJEBXsFGXXU82yfb0A\/jsM7XQqTRcxBNc3+ZvdvClJO0WUDDEPTP8D\nhl3lol1RAP4qbHhwL4lWuMlgD\/zlOtiV6KsA4qW9ujd2CzyofbzJDM44BGhtMtgS\nCisGAQQBl1UBBQEBB0Arg8wf+XoF+QvSVSzOuBUfffcC7785JdIte6aBMyb6CAMB\nCAfCfgQYFggAJhYhBNxARHnr31dxsG+wYRXsFGXXU82yBQJobTLYBQkFo5qAAhsM\nAAoJEBXsFGXXU82ykYABALPyf5p0SJ2LcRwJT8OANTsDpECwAteE6lwDaLl8Q+Nu\nAQCB530RjrlF7f4F3ncWnEEuAmHMNkxJBbAZDXAt2TtvAw==\n=ceRd\n-----END PGP PUBLIC KEY BLOCK-----<\/code><\/pre>\n<\/blockquote>\n\n\n\n<h3 class=\"wp-block-heading\">Formulaire de contacte (secure encrypted form):<\/h3>\n\n\n\n<div class=\"secure-form\"><div id=\"message-group\" class=\"form-group\"><label for=\"message\">Message<\/label><textarea id=\"message\" name=\"message\" rows=\"5\"><\/textarea><\/div><form id=\"sform\" method=\"post\"><div id=\"subject-group\" class=\"form-group\"><label for=\"subject\">Subject<\/label><input type=\"text\" id=\"subject\" name=\"subject\"><\/div><div id=\"name-group\" class=\"form-group\"><label for=\"name\">Your name<\/label><input type=\"text\" id=\"name\" name=\"name\"><\/div><div id=\"email-group\" class=\"form-group\"><label for=\"email\">Your email<\/label><input type=\"text\" id=\"email\" name=\"email\"><\/div><input type=\"hidden\" id=\"encryptedMessage\" name=\"encryptedMessage\"><input type=\"submit\" name=\"submit\" value=\"Submit\"><\/form><\/div>\n\n\n\n<figure class=\"wp-block-image size-full\"><img loading=\"lazy\" decoding=\"async\" width=\"1280\" height=\"720\" src=\"https:\/\/fantifacharlottenburg.noblogs.org\/files\/2026\/01\/reclaim-chb-Kopie.jpg\" alt=\"\" class=\"wp-image-144\" srcset=\"https:\/\/fantifacharlottenburg.noblogs.org\/files\/2026\/01\/reclaim-chb-Kopie.jpg 1280w, https:\/\/fantifacharlottenburg.noblogs.org\/files\/2026\/01\/reclaim-chb-Kopie-300x169.jpg 300w, https:\/\/fantifacharlottenburg.noblogs.org\/files\/2026\/01\/reclaim-chb-Kopie-1024x576.jpg 1024w, https:\/\/fantifacharlottenburg.noblogs.org\/files\/2026\/01\/reclaim-chb-Kopie-768x432.jpg 768w\" sizes=\"auto, (max-width: 1280px) 100vw, 1280px\" \/><\/figure>\n<\/div>\n\n\n\n<div class=\"wp-block-column is-layout-flow wp-block-column-is-layout-flow\" style=\"flex-basis:24%\"><\/div>\n<\/div>\n","protected":false},"excerpt":{"rendered":"<p>Nous n&rsquo;avons rien \u00e1 perdre, mais une monde a gangner! Tu veut bouger quelque chose, alors viens chez nous! Tu peut nous contacter sur Instagram, par e-mail ou le formulaire ci-dessous. N&rsquo;oublie pas qu&rsquo;Instagram n&rsquo;est pas une application s\u00e9curis\u00e9e. Notre adresse E-Mail: f_ajocberlin@riseup.net Notre cl\u00e9 de cryptage PGP: Formulaire de contacte (secure encrypted form):<\/p>\n","protected":false},"author":21555,"featured_media":0,"parent":0,"menu_order":0,"comment_status":"closed","ping_status":"closed","template":"","meta":{"_locale":"fr_FR","_original_post":"https:\/\/fantifacharlottenburg.noblogs.org\/?page_id=137","footnotes":""},"class_list":["post-1405","page","type-page","status-publish","hentry","fr-FR"],"_links":{"self":[{"href":"https:\/\/fantifacharlottenburg.noblogs.org\/wp-json\/wp\/v2\/pages\/1405","targetHints":{"allow":["GET"]}}],"collection":[{"href":"https:\/\/fantifacharlottenburg.noblogs.org\/wp-json\/wp\/v2\/pages"}],"about":[{"href":"https:\/\/fantifacharlottenburg.noblogs.org\/wp-json\/wp\/v2\/types\/page"}],"author":[{"embeddable":true,"href":"https:\/\/fantifacharlottenburg.noblogs.org\/wp-json\/wp\/v2\/users\/21555"}],"replies":[{"embeddable":true,"href":"https:\/\/fantifacharlottenburg.noblogs.org\/wp-json\/wp\/v2\/comments?post=1405"}],"version-history":[{"count":2,"href":"https:\/\/fantifacharlottenburg.noblogs.org\/wp-json\/wp\/v2\/pages\/1405\/revisions"}],"predecessor-version":[{"id":1409,"href":"https:\/\/fantifacharlottenburg.noblogs.org\/wp-json\/wp\/v2\/pages\/1405\/revisions\/1409"}],"wp:attachment":[{"href":"https:\/\/fantifacharlottenburg.noblogs.org\/wp-json\/wp\/v2\/media?parent=1405"}],"curies":[{"name":"wp","href":"https:\/\/api.w.org\/{rel}","templated":true}]}}