{"id":1046,"date":"2026-02-27T17:15:58","date_gmt":"2026-02-27T16:15:58","guid":{"rendered":"https:\/\/fantifacharlottenburg.noblogs.org\/?page_id=1046"},"modified":"2026-02-27T17:15:58","modified_gmt":"2026-02-27T16:15:58","slug":"aktuelles","status":"publish","type":"page","link":"https:\/\/fantifacharlottenburg.noblogs.org\/en-US\/aktuelles\/","title":{"rendered":"News"},"content":{"rendered":"\n<div class=\"wp-block-group alignwide is-content-justification-right is-nowrap is-layout-flex wp-container-core-group-is-layout-17124a9a wp-block-group-is-layout-flex\">\n<div class=\"wp-block-group has-global-padding is-layout-constrained wp-block-group-is-layout-constrained\">\n<div class=\"wp-block-buttons is-layout-flex wp-block-buttons-is-layout-flex\">\n<div class=\"wp-block-button\"><a class=\"wp-block-button__link has-accent-3-color has-custom-color-1-background-color has-text-color has-background has-link-color wp-element-button\" href=\"https:\/\/fantifacharlottenburg.noblogs.org\/en-US\/aktuelles\/termine\/\">&gt; Events<\/a><\/div>\n<\/div>\n<\/div>\n<\/div>\n\n\n<ul style=\"border-top-left-radius:30px;border-top-right-radius:30px;border-bottom-left-radius:30px;border-bottom-right-radius:30px;border-width:7px; padding-top:var(--wp--preset--spacing--20);padding-bottom:var(--wp--preset--spacing--20);padding-left:var(--wp--preset--spacing--20);padding-right:var(--wp--preset--spacing--20);\" class=\"wp-block-latest-posts__list alignwide wp-block-latest-posts has-background has-accent-2-background-color has-border-color has-accent-2-border-color\"><li><div class=\"wp-block-latest-posts__featured-image alignleft\"><a href=\"https:\/\/fantifacharlottenburg.noblogs.org\/en-US\/30-04-2026-shared-fights-take-back-the-night-demonstration-zickenplatz\/\" aria-label=\"30.04.2026, Shared Fights \u2013 Take Back the Night! &#8211; Protest, Zickenplatz\"><img loading=\"lazy\" decoding=\"async\" width=\"212\" height=\"300\" src=\"https:\/\/fantifacharlottenburg.noblogs.org\/files\/2026\/04\/photo_2026-04-14_20-09-29-212x300.jpg\" class=\"attachment-medium size-medium wp-post-image\" alt=\"\" style=\"max-width:120px;max-height:220px;\" srcset=\"https:\/\/fantifacharlottenburg.noblogs.org\/files\/2026\/04\/photo_2026-04-14_20-09-29-212x300.jpg 212w, https:\/\/fantifacharlottenburg.noblogs.org\/files\/2026\/04\/photo_2026-04-14_20-09-29-724x1024.jpg 724w, https:\/\/fantifacharlottenburg.noblogs.org\/files\/2026\/04\/photo_2026-04-14_20-09-29-768x1086.jpg 768w, https:\/\/fantifacharlottenburg.noblogs.org\/files\/2026\/04\/photo_2026-04-14_20-09-29.jpg 905w\" sizes=\"auto, (max-width: 212px) 100vw, 212px\" \/><\/a><\/div><a class=\"wp-block-latest-posts__post-title\" href=\"https:\/\/fantifacharlottenburg.noblogs.org\/en-US\/30-04-2026-shared-fights-take-back-the-night-demonstration-zickenplatz\/\">30.04.2026, Shared Fights \u2013 Take Back the Night! &#8211; Protest, Zickenplatz<\/a><div class=\"wp-block-latest-posts__post-excerpt\">Shared Fights \u2013 Take Back the Night!30th April 2026 at Zickenplatz (U Sch\u00f6nleinstr.)Rally starts at 20:00, Demo starts at 21:00Let\u2019s take the streets once again for a queerfeminist demonstration on Walpurgisnacht, and Take Back the Night! Feminists, trans and queer people, join with us to reclaim our streets for our shared struggles \u2013 local and\u2026 <a class=\"wp-block-latest-posts__read-more\" href=\"https:\/\/fantifacharlottenburg.noblogs.org\/en-US\/30-04-2026-shared-fights-take-back-the-night-demonstration-zickenplatz\/\" rel=\"noopener noreferrer\">Read more<span class=\"screen-reader-text\">: 30.04.2026, Shared Fights \u2013 Take Back the Night! &#8211; Protest, Zickenplatz<\/span><\/a><\/div><\/li>\n<li><div class=\"wp-block-latest-posts__featured-image alignleft\"><a href=\"https:\/\/fantifacharlottenburg.noblogs.org\/en-US\/01-05-2026-feminist-demonstration-s-halensee\/\" aria-label=\"01.05.2026, Feminist Demonstration, S-Halensee\"><img loading=\"lazy\" decoding=\"async\" width=\"240\" height=\"300\" src=\"https:\/\/fantifacharlottenburg.noblogs.org\/files\/2026\/04\/signal-2026-04-06-181851_002-240x300.jpeg\" class=\"attachment-medium size-medium wp-post-image\" alt=\"\" style=\"max-width:120px;max-height:220px;\" srcset=\"https:\/\/fantifacharlottenburg.noblogs.org\/files\/2026\/04\/signal-2026-04-06-181851_002-240x300.jpeg 240w, https:\/\/fantifacharlottenburg.noblogs.org\/files\/2026\/04\/signal-2026-04-06-181851_002-819x1024.jpeg 819w, https:\/\/fantifacharlottenburg.noblogs.org\/files\/2026\/04\/signal-2026-04-06-181851_002-768x960.jpeg 768w, https:\/\/fantifacharlottenburg.noblogs.org\/files\/2026\/04\/signal-2026-04-06-181851_002.jpeg 1080w\" sizes=\"auto, (max-width: 240px) 100vw, 240px\" \/><\/a><\/div><a class=\"wp-block-latest-posts__post-title\" href=\"https:\/\/fantifacharlottenburg.noblogs.org\/en-US\/01-05-2026-feminist-demonstration-s-halensee\/\">01.05.2026, Feminist Demonstration, S-Halensee<\/a><div class=\"wp-block-latest-posts__post-excerpt\">01.05.2026 | 1:13 p.m. | Henriettenplatz \/ S-Bhf Halensee Come on\u00a0out onto the street for a feminist 1st of\u00a0May!\u00a0\ud83d\udea9\u00a0 Rising prices for food and housing, a health system that has been run into the ground, war in&nbsp;Europe,&nbsp;the Middle East,&nbsp;East Africa, comeback of compulsory military service,&#8230; One crisis follows another, and we are torn between them.\u2026 <a class=\"wp-block-latest-posts__read-more\" href=\"https:\/\/fantifacharlottenburg.noblogs.org\/en-US\/01-05-2026-feminist-demonstration-s-halensee\/\" rel=\"noopener noreferrer\">Read more<span class=\"screen-reader-text\">: 01.05.2026, Feminist Demonstration, S-Halensee<\/span><\/a><\/div><\/li>\n<li><div class=\"wp-block-latest-posts__featured-image alignleft\"><a href=\"https:\/\/fantifacharlottenburg.noblogs.org\/en-US\/31-03-2026-trans-day-of-visibility-demo-mariannenplatz\/\" aria-label=\"31.03.2026, Trans* Day of  Visibility &#8211; Demo, Mariannenplatz\"><img loading=\"lazy\" decoding=\"async\" width=\"212\" height=\"300\" src=\"https:\/\/fantifacharlottenburg.noblogs.org\/files\/2026\/03\/signal-2026-03-23-204908-212x300.jpeg\" class=\"attachment-medium size-medium wp-post-image\" alt=\"+++ deutsch unterhalb +++ In the background of the poster a color gradient featuring the colors of the trans flag is visible. Overlaid on this is a black outline of a person in a comic-book style. At the bottom of the poster, the person\u2019s head is visible, along with their arms stretched out into the air, on which a broken shackle can be seen. The person has fiery hair blowing up in the wind, which takes up a large portion of the poster and reaches almost to its top edge. The hair serves as a background for white text in capital letters. The text says \u201cTRANS* DAY OF VISIBILITY\u201d and below \u201cDEMONSTRATION 31 MARCH, 6PM MARIANNENPLATZ\u201d --- Im Hintergrund des Plakats ist ein Farbverlauf in den Farben der Trans-Flagge zu sehen. Darauf ist die schwarze Silhouette einer Person im Stil eines Comics abgebildet. Am unteren Rand des Posters ist der Kopf der Person sowie ihre in die Luft ausgestreckten Arme zu sehen, an denen eine zerbrochene Fessel sichtbar ist. Die Person hat feurig in die Luft wehende Haare, die einen gro\u00dfen Teil des Posters einnehmen und fast bis zum oberen Rand reichen. Die Haare dienen als Hintergrund f\u00fcr wei\u00dfen Text in Gro\u00dfbuchstaben. Der Text lautet \u201eTRANS* DAY OF VISIBILITY\u201c und darunter \u201eDEMONSTRATION 31 MARCH, 6PM MARIANNENPLATZ\u201c\" style=\"max-width:120px;max-height:220px;\" srcset=\"https:\/\/fantifacharlottenburg.noblogs.org\/files\/2026\/03\/signal-2026-03-23-204908-212x300.jpeg 212w, https:\/\/fantifacharlottenburg.noblogs.org\/files\/2026\/03\/signal-2026-03-23-204908-724x1024.jpeg 724w, https:\/\/fantifacharlottenburg.noblogs.org\/files\/2026\/03\/signal-2026-03-23-204908-768x1086.jpeg 768w, https:\/\/fantifacharlottenburg.noblogs.org\/files\/2026\/03\/signal-2026-03-23-204908-1086x1536.jpeg 1086w, https:\/\/fantifacharlottenburg.noblogs.org\/files\/2026\/03\/signal-2026-03-23-204908.jpeg 1448w\" sizes=\"auto, (max-width: 212px) 100vw, 212px\" \/><\/a><\/div><a class=\"wp-block-latest-posts__post-title\" href=\"https:\/\/fantifacharlottenburg.noblogs.org\/en-US\/31-03-2026-trans-day-of-visibility-demo-mariannenplatz\/\">31.03.2026, Trans* Day of  Visibility &#8211; Demo, Mariannenplatz<\/a><div class=\"wp-block-latest-posts__post-excerpt\">This Trans Day of Visibility, let's be visible, let's be loud, let's be undeniable! \u270a\ufe0f\ud83c\udff3\ufe0f\u200d\u26a7\ufe0f Let's demonstrate on Tuesday 31st of March, starting at Mariannenplatz from 18h. We will march, we will be there for the speeches, we will show our talent, and we will have the opportunity to share what\u2019s on our mind at\u2026 <a class=\"wp-block-latest-posts__read-more\" href=\"https:\/\/fantifacharlottenburg.noblogs.org\/en-US\/31-03-2026-trans-day-of-visibility-demo-mariannenplatz\/\" rel=\"noopener noreferrer\">Read more<span class=\"screen-reader-text\">: 31.03.2026, Trans* Day of  Visibility &#8211; Demo, Mariannenplatz<\/span><\/a><\/div><\/li>\n<li><div class=\"wp-block-latest-posts__featured-image alignleft\"><a href=\"https:\/\/fantifacharlottenburg.noblogs.org\/en-US\/27-03-2026-offenes-feministisches-treffen-zwille\/\" aria-label=\"27.03.2026, Open Feminist Gathering, Zwille\"><img loading=\"lazy\" decoding=\"async\" width=\"300\" height=\"193\" src=\"https:\/\/fantifacharlottenburg.noblogs.org\/files\/2026\/03\/OFT-Sharepic-27-03-300x193.jpg\" class=\"attachment-medium size-medium wp-post-image\" alt=\"\" style=\"max-width:120px;max-height:220px;\" srcset=\"https:\/\/fantifacharlottenburg.noblogs.org\/files\/2026\/03\/OFT-Sharepic-27-03-300x193.jpg 300w, https:\/\/fantifacharlottenburg.noblogs.org\/files\/2026\/03\/OFT-Sharepic-27-03-1024x658.jpg 1024w, https:\/\/fantifacharlottenburg.noblogs.org\/files\/2026\/03\/OFT-Sharepic-27-03-768x494.jpg 768w, https:\/\/fantifacharlottenburg.noblogs.org\/files\/2026\/03\/OFT-Sharepic-27-03-1536x987.jpg 1536w, https:\/\/fantifacharlottenburg.noblogs.org\/files\/2026\/03\/OFT-Sharepic-27-03-2048x1316.jpg 2048w\" sizes=\"auto, (max-width: 300px) 100vw, 300px\" \/><\/a><\/div><a class=\"wp-block-latest-posts__post-title\" href=\"https:\/\/fantifacharlottenburg.noblogs.org\/en-US\/27-03-2026-offenes-feministisches-treffen-zwille\/\">27.03.2026, Open Feminist Gathering, Zwille<\/a><div class=\"wp-block-latest-posts__post-excerpt\">Open Feminist Gathering27.03.2026 | starting 6:30 p.m.in\u00a0@zwillecafe.tub, Reuleaux Haus\", Fasanenstra\u00dfe 1a, 10623 Berlin***Bar | vegan K\u00fcfA\/'kitchen for all' | Writing to prisoners | Crafting | Info for trans* day of Visibility***This month there won't be a workshop, instead WE recommend to also look into the panel \"Apartheid, racial &amp; international law?\" by\u00a0@astatuberlin\u00a0in the Audimax \"next\u2026 <a class=\"wp-block-latest-posts__read-more\" href=\"https:\/\/fantifacharlottenburg.noblogs.org\/en-US\/27-03-2026-offenes-feministisches-treffen-zwille\/\" rel=\"noopener noreferrer\">Read more<span class=\"screen-reader-text\">: 27.03.2026, Open Feminist Gathering, Zwille<\/span><\/a><\/div><\/li>\n<li><div class=\"wp-block-latest-posts__featured-image alignleft\"><a href=\"https:\/\/fantifacharlottenburg.noblogs.org\/en-US\/29-03-2026-feministischer-fruehjahrs-flohmarkt-zwille\/\" aria-label=\"29.03.2026, Feminist Spring Flea Market, Zwille\"><img loading=\"lazy\" decoding=\"async\" width=\"240\" height=\"300\" src=\"https:\/\/fantifacharlottenburg.noblogs.org\/files\/2026\/03\/Flohmarkt-Sharepic-03-26-Sharepic-240x300.jpg\" class=\"attachment-medium size-medium wp-post-image\" alt=\"\" style=\"max-width:120px;max-height:220px;\" srcset=\"https:\/\/fantifacharlottenburg.noblogs.org\/files\/2026\/03\/Flohmarkt-Sharepic-03-26-Sharepic-240x300.jpg 240w, https:\/\/fantifacharlottenburg.noblogs.org\/files\/2026\/03\/Flohmarkt-Sharepic-03-26-Sharepic-819x1024.jpg 819w, https:\/\/fantifacharlottenburg.noblogs.org\/files\/2026\/03\/Flohmarkt-Sharepic-03-26-Sharepic-768x960.jpg 768w, https:\/\/fantifacharlottenburg.noblogs.org\/files\/2026\/03\/Flohmarkt-Sharepic-03-26-Sharepic-1229x1536.jpg 1229w, https:\/\/fantifacharlottenburg.noblogs.org\/files\/2026\/03\/Flohmarkt-Sharepic-03-26-Sharepic-1638x2048.jpg 1638w, https:\/\/fantifacharlottenburg.noblogs.org\/files\/2026\/03\/Flohmarkt-Sharepic-03-26-Sharepic-scaled.jpg 2048w\" sizes=\"auto, (max-width: 240px) 100vw, 240px\" \/><\/a><\/div><a class=\"wp-block-latest-posts__post-title\" href=\"https:\/\/fantifacharlottenburg.noblogs.org\/en-US\/29-03-2026-feministischer-fruehjahrs-flohmarkt-zwille\/\">29.03.2026, Feminist Spring Flea Market, Zwille<\/a><div class=\"wp-block-latest-posts__post-excerpt\">Feminist Spring Flea Market | 29.03. | 12 a.m.-7 p.m. Hi everyone! Things are already starting to green up and bloom a bit, so we\u2019d like to host a flea market on March 29 at&nbsp;@zwillecafe.tub\u2014and if the weather\u2019s nice, we\u2019ll set it up in the courtyard too. We still have some space left: If you\u2019d\u2026 <a class=\"wp-block-latest-posts__read-more\" href=\"https:\/\/fantifacharlottenburg.noblogs.org\/en-US\/29-03-2026-feministischer-fruehjahrs-flohmarkt-zwille\/\" rel=\"noopener noreferrer\">Read more<span class=\"screen-reader-text\">: 29.03.2026, Feminist Spring Flea Market, Zwille<\/span><\/a><\/div><\/li>\n<li><div class=\"wp-block-latest-posts__featured-image alignleft\"><a href=\"https:\/\/fantifacharlottenburg.noblogs.org\/en-US\/08-03-09-03-2026-feministisches-streikcafe-zwille\/\" aria-label=\"08.03. &amp; 09.03.2026, Feminist Strike Caf\u00e9, Zwille\"><img loading=\"lazy\" decoding=\"async\" width=\"240\" height=\"300\" src=\"https:\/\/fantifacharlottenburg.noblogs.org\/files\/2026\/02\/2-240x300.png\" class=\"attachment-medium size-medium wp-post-image\" alt=\"\" style=\"max-width:120px;max-height:220px;\" srcset=\"https:\/\/fantifacharlottenburg.noblogs.org\/files\/2026\/02\/2-240x300.png 240w, https:\/\/fantifacharlottenburg.noblogs.org\/files\/2026\/02\/2-819x1024.png 819w, https:\/\/fantifacharlottenburg.noblogs.org\/files\/2026\/02\/2-768x960.png 768w, https:\/\/fantifacharlottenburg.noblogs.org\/files\/2026\/02\/2.png 1080w\" sizes=\"auto, (max-width: 240px) 100vw, 240px\" \/><\/a><\/div><a class=\"wp-block-latest-posts__post-title\" href=\"https:\/\/fantifacharlottenburg.noblogs.org\/en-US\/08-03-09-03-2026-feministisches-streikcafe-zwille\/\">08.03. &amp; 09.03.2026, Feminist Strike Caf\u00e9, Zwille<\/a><div class=\"wp-block-latest-posts__post-excerpt\">March 8 is Feminist Fight Day. We look back on centuries of feminist struggles against the destructive violence of the patriarchal system\u2014together we take to the streets! In anger, solidarity, and tenderness, we want to come together against isolation and create a place for retreat, togetherness, and networking. On Sunday (March 8) and Monday (March\u2026 <a class=\"wp-block-latest-posts__read-more\" href=\"https:\/\/fantifacharlottenburg.noblogs.org\/en-US\/08-03-09-03-2026-feministisches-streikcafe-zwille\/\" rel=\"noopener noreferrer\">Read more<span class=\"screen-reader-text\">: 08.03. &amp; 09.03.2026, Feminist Strike Caf\u00e9, Zwille<\/span><\/a><\/div><\/li>\n<li><div class=\"wp-block-latest-posts__featured-image alignleft\"><a href=\"https:\/\/fantifacharlottenburg.noblogs.org\/en-US\/30-01-2026-offenes-feministisches-treffen-mit-keineshowfuertaeter-zwille\/\" aria-label=\"30.01.2026 &#8211; Open Feminist Meeting with KeineShowf\u00fcrT\u00e4ter, Zwille\"><img loading=\"lazy\" decoding=\"async\" width=\"240\" height=\"300\" src=\"https:\/\/fantifacharlottenburg.noblogs.org\/files\/2026\/01\/image_0B37CD12-E123-4A36-BC05-1402167569D2_1767895690-240x300.jpg\" class=\"attachment-medium size-medium wp-post-image\" alt=\"Sharepic Offenes Feministisches Treffen\" style=\"max-width:120px;max-height:220px;\" srcset=\"https:\/\/fantifacharlottenburg.noblogs.org\/files\/2026\/01\/image_0B37CD12-E123-4A36-BC05-1402167569D2_1767895690-240x300.jpg 240w, https:\/\/fantifacharlottenburg.noblogs.org\/files\/2026\/01\/image_0B37CD12-E123-4A36-BC05-1402167569D2_1767895690-819x1024.jpg 819w, https:\/\/fantifacharlottenburg.noblogs.org\/files\/2026\/01\/image_0B37CD12-E123-4A36-BC05-1402167569D2_1767895690-768x960.jpg 768w, https:\/\/fantifacharlottenburg.noblogs.org\/files\/2026\/01\/image_0B37CD12-E123-4A36-BC05-1402167569D2_1767895690.jpg 1080w\" sizes=\"auto, (max-width: 240px) 100vw, 240px\" \/><\/a><\/div><a class=\"wp-block-latest-posts__post-title\" href=\"https:\/\/fantifacharlottenburg.noblogs.org\/en-US\/30-01-2026-offenes-feministisches-treffen-mit-keineshowfuertaeter-zwille\/\">30.01.2026 &#8211; Open Feminist Meeting with KeineShowf\u00fcrT\u00e4ter, Zwille<\/a><div class=\"wp-block-latest-posts__post-excerpt\">We invite you to the first OFT (open feminist meeting), which will take place every last Friday of the month (locations tba) from now on. It is intended to be an open gathering of feminist anti-fascist-minded people, with short inputs, exchanges, networking for events, and creative actions. This month, there will be a presentation by&nbsp;@keineshowfuertaeter_berlin&nbsp;about\u2026 <a class=\"wp-block-latest-posts__read-more\" href=\"https:\/\/fantifacharlottenburg.noblogs.org\/en-US\/30-01-2026-offenes-feministisches-treffen-mit-keineshowfuertaeter-zwille\/\" rel=\"noopener noreferrer\">Read more<span class=\"screen-reader-text\">: 30.01.2026 &#8211; Open Feminist Meeting with KeineShowf\u00fcrT\u00e4ter, Zwille<\/span><\/a><\/div><\/li>\n<li><div class=\"wp-block-latest-posts__featured-image alignleft\"><a href=\"https:\/\/fantifacharlottenburg.noblogs.org\/en-US\/no-woman-is-free-until-every-woman-is-free-internationaler-tag-gegen-gewalt-an-frauen\/\" aria-label=\"International Day for the Elimination of Violence Against Women &#8211; 25.11.2025\"><img loading=\"lazy\" decoding=\"async\" width=\"225\" height=\"300\" src=\"https:\/\/fantifacharlottenburg.noblogs.org\/files\/2026\/01\/internationaler-Tag-gegen-Gewalt-an-Frauen-Text-Instagram-1-225x300.jpg\" class=\"attachment-medium size-medium wp-post-image\" alt=\"\" style=\"max-width:120px;max-height:220px;\" srcset=\"https:\/\/fantifacharlottenburg.noblogs.org\/files\/2026\/01\/internationaler-Tag-gegen-Gewalt-an-Frauen-Text-Instagram-1-225x300.jpg 225w, https:\/\/fantifacharlottenburg.noblogs.org\/files\/2026\/01\/internationaler-Tag-gegen-Gewalt-an-Frauen-Text-Instagram-1-769x1024.jpg 769w, https:\/\/fantifacharlottenburg.noblogs.org\/files\/2026\/01\/internationaler-Tag-gegen-Gewalt-an-Frauen-Text-Instagram-1-768x1023.jpg 768w, https:\/\/fantifacharlottenburg.noblogs.org\/files\/2026\/01\/internationaler-Tag-gegen-Gewalt-an-Frauen-Text-Instagram-1.jpg 1080w\" sizes=\"auto, (max-width: 225px) 100vw, 225px\" \/><\/a><\/div><a class=\"wp-block-latest-posts__post-title\" href=\"https:\/\/fantifacharlottenburg.noblogs.org\/en-US\/no-woman-is-free-until-every-woman-is-free-internationaler-tag-gegen-gewalt-an-frauen\/\">International Day for the Elimination of Violence Against Women &#8211; 25.11.2025<\/a><div class=\"wp-block-latest-posts__post-excerpt\">November 25th is the International Day for the Elimination of Violence Against Women! The day goes back to three Dominican sisters and activists: Patria, Minerva, and Mar\u00eda Teresa Mirabal, who bravely stood up against the Trujillo dictatorship \u2014 and were murdered today, 65 years ago. Feminists from Abya Yala (a decolonial self-designation for Latin American\u2026 <a class=\"wp-block-latest-posts__read-more\" href=\"https:\/\/fantifacharlottenburg.noblogs.org\/en-US\/no-woman-is-free-until-every-woman-is-free-internationaler-tag-gegen-gewalt-an-frauen\/\" rel=\"noopener noreferrer\">Read more<span class=\"screen-reader-text\">: International Day for the Elimination of Violence Against Women &#8211; 25.11.2025<\/span><\/a><\/div><\/li>\n<\/ul>\n\n\n<p><\/p>\n","protected":false},"excerpt":{"rendered":"","protected":false},"author":21555,"featured_media":0,"parent":0,"menu_order":0,"comment_status":"closed","ping_status":"closed","template":"","meta":{"_locale":"en_US","_original_post":"https:\/\/fantifacharlottenburg.noblogs.org\/?page_id=213","footnotes":""},"class_list":["post-1046","page","type-page","status-publish","hentry","en-US"],"_links":{"self":[{"href":"https:\/\/fantifacharlottenburg.noblogs.org\/wp-json\/wp\/v2\/pages\/1046","targetHints":{"allow":["GET"]}}],"collection":[{"href":"https:\/\/fantifacharlottenburg.noblogs.org\/wp-json\/wp\/v2\/pages"}],"about":[{"href":"https:\/\/fantifacharlottenburg.noblogs.org\/wp-json\/wp\/v2\/types\/page"}],"author":[{"embeddable":true,"href":"https:\/\/fantifacharlottenburg.noblogs.org\/wp-json\/wp\/v2\/users\/21555"}],"replies":[{"embeddable":true,"href":"https:\/\/fantifacharlottenburg.noblogs.org\/wp-json\/wp\/v2\/comments?post=1046"}],"version-history":[{"count":1,"href":"https:\/\/fantifacharlottenburg.noblogs.org\/wp-json\/wp\/v2\/pages\/1046\/revisions"}],"predecessor-version":[{"id":1049,"href":"https:\/\/fantifacharlottenburg.noblogs.org\/wp-json\/wp\/v2\/pages\/1046\/revisions\/1049"}],"wp:attachment":[{"href":"https:\/\/fantifacharlottenburg.noblogs.org\/wp-json\/wp\/v2\/media?parent=1046"}],"curies":[{"name":"wp","href":"https:\/\/api.w.org\/{rel}","templated":true}]}}